{"id":4546,"date":"2023-02-27T11:08:04","date_gmt":"2023-02-27T11:08:04","guid":{"rendered":"https:\/\/www.esimholidays.com\/blog\/blog-esim-espanol\/"},"modified":"2023-11-08T12:37:59","modified_gmt":"2023-11-08T12:37:59","slug":"blog-esim-espanol","status":"publish","type":"page","link":"https:\/\/www.esimholidays.com\/blog\/es\/","title":{"rendered":"Blog"},"content":{"rendered":"\t\t<div data-elementor-type=\"wp-page\" data-elementor-id=\"4546\" class=\"elementor elementor-4546\">\n\t\t\t\t\t\t\t\t\t<section class=\"elementor-section elementor-top-section elementor-element elementor-element-0ed986f elementor-section-boxed elementor-section-height-default elementor-section-height-default\" data-id=\"0ed986f\" data-element_type=\"section\">\n\t\t\t\t\t\t<div class=\"elementor-container elementor-column-gap-default\">\n\t\t\t\t\t<div class=\"elementor-column elementor-col-100 elementor-top-column elementor-element elementor-element-1d7fe29\" data-id=\"1d7fe29\" data-element_type=\"column\">\n\t\t\t<div class=\"elementor-widget-wrap elementor-element-populated\">\n\t\t\t\t\t\t\t\t<div class=\"elementor-element elementor-element-d82c247 elementor-widget elementor-widget-heading\" data-id=\"d82c247\" data-element_type=\"widget\" data-widget_type=\"heading.default\">\n\t\t\t\t<div class=\"elementor-widget-container\">\n\t\t\t<style>\/*! elementor - v3.7.2 - 21-08-2022 *\/\n.elementor-heading-title{padding:0;margin:0;line-height:1}.elementor-widget-heading .elementor-heading-title[class*=elementor-size-]>a{color:inherit;font-size:inherit;line-height:inherit}.elementor-widget-heading .elementor-heading-title.elementor-size-small{font-size:15px}.elementor-widget-heading .elementor-heading-title.elementor-size-medium{font-size:19px}.elementor-widget-heading .elementor-heading-title.elementor-size-large{font-size:29px}.elementor-widget-heading .elementor-heading-title.elementor-size-xl{font-size:39px}.elementor-widget-heading .elementor-heading-title.elementor-size-xxl{font-size:59px}<\/style><h1 class=\"elementor-heading-title elementor-size-xl\">Blog eSIM Holidays<\/h1>\t\t<\/div>\n\t\t\t\t<\/div>\n\t\t\t\t\t<\/div>\n\t\t<\/div>\n\t\t\t\t\t\t\t<\/div>\n\t\t<\/section>\n\t\t\t\t<section class=\"elementor-section elementor-top-section elementor-element elementor-element-fde247b elementor-section-boxed elementor-section-height-default elementor-section-height-default\" data-id=\"fde247b\" data-element_type=\"section\">\n\t\t\t\t\t\t<div class=\"elementor-container elementor-column-gap-default\">\n\t\t\t\t\t<div class=\"elementor-column elementor-col-100 elementor-top-column elementor-element elementor-element-3eccf83\" data-id=\"3eccf83\" data-element_type=\"column\">\n\t\t\t<div class=\"elementor-widget-wrap elementor-element-populated\">\n\t\t\t\t\t\t\t\t<div class=\"elementor-element elementor-element-8d2d2d4 elementor-widget elementor-widget-text-editor\" data-id=\"8d2d2d4\" data-element_type=\"widget\" data-widget_type=\"text-editor.default\">\n\t\t\t\t<div class=\"elementor-widget-container\">\n\t\t\t<style>\/*! elementor - v3.7.2 - 21-08-2022 *\/\n.elementor-widget-text-editor.elementor-drop-cap-view-stacked .elementor-drop-cap{background-color:#818a91;color:#fff}.elementor-widget-text-editor.elementor-drop-cap-view-framed .elementor-drop-cap{color:#818a91;border:3px solid;background-color:transparent}.elementor-widget-text-editor:not(.elementor-drop-cap-view-default) .elementor-drop-cap{margin-top:8px}.elementor-widget-text-editor:not(.elementor-drop-cap-view-default) .elementor-drop-cap-letter{width:1em;height:1em}.elementor-widget-text-editor .elementor-drop-cap{float:left;text-align:center;line-height:1;font-size:50px}.elementor-widget-text-editor .elementor-drop-cap-letter{display:inline-block}<\/style>\t\t\t\t<p style=\"text-align: center;\">Todo sobre las mejores eSIM para viajeros en Espa\u00f1a y en Europa<\/p>\t\t\t\t\t\t<\/div>\n\t\t\t\t<\/div>\n\t\t\t\t\t<\/div>\n\t\t<\/div>\n\t\t\t\t\t\t\t<\/div>\n\t\t<\/section>\n\t\t\t\t<section class=\"elementor-section elementor-top-section elementor-element elementor-element-26d6154 elementor-section-boxed elementor-section-height-default elementor-section-height-default\" data-id=\"26d6154\" data-element_type=\"section\">\n\t\t\t\t\t\t<div class=\"elementor-container elementor-column-gap-default\">\n\t\t\t\t\t<div class=\"elementor-column elementor-col-100 elementor-top-column elementor-element elementor-element-26d3369\" data-id=\"26d3369\" data-element_type=\"column\">\n\t\t\t<div class=\"elementor-widget-wrap elementor-element-populated\">\n\t\t\t\t\t\t\t\t<div class=\"elementor-element elementor-element-1c29ed7 elementor-widget elementor-widget-heading\" data-id=\"1c29ed7\" data-element_type=\"widget\" data-widget_type=\"heading.default\">\n\t\t\t\t<div class=\"elementor-widget-container\">\n\t\t\t<h1 class=\"elementor-heading-title elementor-size-xl\">\u00daltimos Art\u00edculos<\/h1>\t\t<\/div>\n\t\t\t\t<\/div>\n\t\t\t\t<div class=\"elementor-element elementor-element-df87aaf elementor-widget elementor-widget-ucaddon_post_blocks\" data-id=\"df87aaf\" data-element_type=\"widget\" data-widget_type=\"ucaddon_post_blocks.default\">\n\t\t\t\t<div class=\"elementor-widget-container\">\n\t\t\t\n<!-- start Post Blocks -->\n\t\t<link id='font-awesome-css' href='https:\/\/www.esimholidays.com\/blog\/wp-content\/plugins\/unlimited-elements-for-elementor\/assets_libraries\/font-awesome6\/fontawesome-all.min.css' type='text\/css' rel='stylesheet' >\n\t\t<link id='font-awesome-4-shim-css' href='https:\/\/www.esimholidays.com\/blog\/wp-content\/plugins\/unlimited-elements-for-elementor\/assets_libraries\/font-awesome6\/fontawesome-v4-shims.min.css' type='text\/css' rel='stylesheet' >\n\n<style>\/* widget: Post Blocks *\/\n\n#uc_post_blocks_elementor_df87aaf {\n    display:grid;\n}\n#uc_post_blocks_elementor_df87aaf .ue_post_blocks_box\n{\n  overflow:hidden;\n}\n\n#uc_post_blocks_elementor_df87aaf .ue_post_blocks_image\n{\n  overflow:hidden;\n}\n#uc_post_blocks_elementor_df87aaf .ue_post_blocks_image img\n{\n  object-fit: cover;\n  object-position:center center;\n  width:100%;\n  display:block;\n}\n#uc_post_blocks_elementor_df87aaf .ue_post_blocks_link a\n{\n  display:inline-block;\n  text-decoration:none;\n  text-align:center;\n}\n\n #uc_post_blocks_elementor_df87aaf .ue_post_blocks_box img\n{\n  transition:0.5s;\n}\n #uc_post_blocks_elementor_df87aaf .ue_post_blocks_box:hover img\n{\n  transform:scale(1.1,1.1);\n}\n\n\n\n\n#uc_post_blocks_elementor_df87aaf .ue-grid-item-meta-data\n{\n  display:inlin-flex;\n  flex-wrap: wrap;\n}\n\n.ue-grid-item-meta-data\n{\n  font-size:12px;\n}\n\n#uc_post_blocks_elementor_df87aaf .ue-grid-item-meta-data-icon\n{\n  line-height:1em;\n}\n\n#uc_post_blocks_elementor_df87aaf .ue-grid-item-meta-data-icon svg\n{\n  width:1em;\n  height:1em;\n}\n\n\n.ue-grid-item-category a\n{\n  display:inline-block;\n  font-size:10px;\n  text-transform:uppercase;\n}\n\n<\/style>\n\n<div id=\"uc_post_blocks_elementor_df87aaf\" class=\"ue_post_blocks uc-items-wrapper\" >\n    <div class=\"ue_post_blocks_box\">\n    <div class=\"ue_post_blocks_image\">\n    <a href=\"https:\/\/www.esimholidays.com\/blog\/es\/roaming-en-malta\/\" style=\"display:block;\"><img loading=\"lazy\" decoding=\"async\" src=\"https:\/\/www.esimholidays.com\/blog\/wp-content\/uploads\/2024\/10\/roaming-en-malta-768x576.jpg\" alt=\"Roaming en Malta\" width=\"768\" height=\"576\" title=\"\"><\/a>\n  <\/div>\n    <div class=\"ue_post_blocks_content\">\n      \n     \n         \n    <div class=\"ue_post_blocks_title\"><a href=\"https:\/\/www.esimholidays.com\/blog\/es\/roaming-en-malta\/\">Descubre el roaming sin complicaciones en Malta con eSIM Holidays de Orange<\/a><\/div>    \n        \n    \n    <div class=\"ue_post_blocks_text\">Un servicio de roaming bien ajustado en Malta es esencial para los viajeros que quieran mantenerse conectados...<\/div>      <\/div>\n<\/div>\n<div class=\"ue_post_blocks_box\">\n    <div class=\"ue_post_blocks_image\">\n    <a href=\"https:\/\/www.esimholidays.com\/blog\/en\/roaming-in-malta\/\" style=\"display:block;\"><img loading=\"lazy\" decoding=\"async\" src=\"https:\/\/www.esimholidays.com\/blog\/wp-content\/uploads\/2024\/10\/roaming-in-malta-768x576.jpg\" alt=\"Roaming in Malta\" width=\"768\" height=\"576\" title=\"\"><\/a>\n  <\/div>\n    <div class=\"ue_post_blocks_content\">\n      \n     \n         \n    <div class=\"ue_post_blocks_title\"><a href=\"https:\/\/www.esimholidays.com\/blog\/en\/roaming-in-malta\/\">Discover Hassle-Free Roaming in Malta with Orange eSIM Holidays<\/a><\/div>    \n        \n    \n    <div class=\"ue_post_blocks_text\">A well-adjusted roaming service in Malta is essential for travellers wanting to stay connected while...<\/div>      <\/div>\n<\/div>\n<div class=\"ue_post_blocks_box\">\n    <div class=\"ue_post_blocks_image\">\n    <a href=\"https:\/\/www.esimholidays.com\/blog\/es\/roaming-sin-esfuerzo-en-dinamarca\/\" style=\"display:block;\"><img loading=\"lazy\" decoding=\"async\" src=\"https:\/\/www.esimholidays.com\/blog\/wp-content\/uploads\/2024\/10\/roaming-en-dinamarca-768x576.jpg\" alt=\"Roaming en Dinamarca\" width=\"768\" height=\"576\" title=\"\"><\/a>\n  <\/div>\n    <div class=\"ue_post_blocks_content\">\n      \n     \n         \n    <div class=\"ue_post_blocks_title\"><a href=\"https:\/\/www.esimholidays.com\/blog\/es\/roaming-sin-esfuerzo-en-dinamarca\/\">Explora la tierra de los vikingos: Roaming sin esfuerzo en Dinamarca con eSIM Holidays de Orange<\/a><\/div>    \n        \n    \n    <div class=\"ue_post_blocks_text\">\u00bfVas a Dinamarca y te preocupan las enormes tarifas de roaming que te cobrar\u00e1n? Con la mayor\u00eda de las...<\/div>      <\/div>\n<\/div>\n<div class=\"ue_post_blocks_box\">\n    <div class=\"ue_post_blocks_image\">\n    <a href=\"https:\/\/www.esimholidays.com\/blog\/en\/roaming-in-denmark\/\" style=\"display:block;\"><img loading=\"lazy\" decoding=\"async\" src=\"https:\/\/www.esimholidays.com\/blog\/wp-content\/uploads\/2024\/10\/roaming-in-denmark-768x576.jpg\" alt=\"Roaming in Denmark\" width=\"768\" height=\"576\" title=\"\"><\/a>\n  <\/div>\n    <div class=\"ue_post_blocks_content\">\n      \n     \n         \n    <div class=\"ue_post_blocks_title\"><a href=\"https:\/\/www.esimholidays.com\/blog\/en\/roaming-in-denmark\/\">Explore the Land of Vikings: Effortless Roaming in Denmark with Orange eSIM Holidays<\/a><\/div>    \n        \n    \n    <div class=\"ue_post_blocks_text\">Are you off to Denmark and anxious about the enormous roaming charges you&#8217;ll experience? With most...<\/div>      <\/div>\n<\/div>\n\n<\/div>\n<!-- end Post Blocks -->\t\t<\/div>\n\t\t\t\t<\/div>\n\t\t\t\t\t<\/div>\n\t\t<\/div>\n\t\t\t\t\t\t\t<\/div>\n\t\t<\/section>\n\t\t\t\t<section class=\"elementor-section elementor-top-section elementor-element elementor-element-5515abb elementor-section-boxed elementor-section-height-default elementor-section-height-default\" data-id=\"5515abb\" data-element_type=\"section\">\n\t\t\t\t\t\t<div class=\"elementor-container elementor-column-gap-default\">\n\t\t\t\t\t<div class=\"elementor-column elementor-col-100 elementor-top-column elementor-element elementor-element-cc87adf\" data-id=\"cc87adf\" data-element_type=\"column\">\n\t\t\t<div class=\"elementor-widget-wrap\">\n\t\t\t\t\t\t\t\t\t<\/div>\n\t\t<\/div>\n\t\t\t\t\t\t\t<\/div>\n\t\t<\/section>\n\t\t\t\t<section class=\"elementor-section elementor-top-section elementor-element elementor-element-9de3635 elementor-section-boxed elementor-section-height-default elementor-section-height-default\" data-id=\"9de3635\" data-element_type=\"section\">\n\t\t\t\t\t\t<div class=\"elementor-container elementor-column-gap-default\">\n\t\t\t\t\t<div class=\"elementor-column elementor-col-100 elementor-top-column elementor-element elementor-element-63661f1\" data-id=\"63661f1\" data-element_type=\"column\">\n\t\t\t<div class=\"elementor-widget-wrap elementor-element-populated\">\n\t\t\t\t\t\t\t\t<div class=\"elementor-element elementor-element-c00bf04 elementor-align-center elementor-widget elementor-widget-button\" data-id=\"c00bf04\" data-element_type=\"widget\" data-widget_type=\"button.default\">\n\t\t\t\t<div class=\"elementor-widget-container\">\n\t\t\t\t\t<div class=\"elementor-button-wrapper\">\n\t\t\t<a href=\"https:\/\/www.esimholidays.com\/blog\/es\/articulos\" class=\"elementor-button-link elementor-button elementor-size-sm\" role=\"button\">\n\t\t\t\t\t\t<span class=\"elementor-button-content-wrapper\">\n\t\t\t\t\t\t<span class=\"elementor-button-text\">Ver m\u00e1s<\/span>\n\t\t<\/span>\n\t\t\t\t\t<\/a>\n\t\t<\/div>\n\t\t\t\t<\/div>\n\t\t\t\t<\/div>\n\t\t\t\t\t<\/div>\n\t\t<\/div>\n\t\t\t\t\t\t\t<\/div>\n\t\t<\/section>\n\t\t\t\t\t\t\t<\/div>\n\t\t","protected":false},"excerpt":{"rendered":"<p>Blog eSIM Holidays Todo sobre las mejores eSIM para viajeros en Espa\u00f1a y en Europa \u00daltimos Art\u00edculos eSIM Barcelona. Las 5 mejores eSIM para viajeros \u00a1Benvingut! Prep\u00e1rate para tu viaje a la capital catalana y compra la mejor eSIM para Barcelona. No tendr\u00e1s&#8230; Best eSIM for Latvia. Best travel eSIMs compared for 2023 Are you [&hellip;]<\/p>\n","protected":false},"author":2,"featured_media":80,"parent":0,"menu_order":0,"comment_status":"closed","ping_status":"closed","template":"templates\/template-cover.php","meta":{"_acf_changed":false,"rank_math_lock_modified_date":false,"footnotes":""},"acf":[],"_links":{"self":[{"href":"https:\/\/www.esimholidays.com\/blog\/wp-json\/wp\/v2\/pages\/4546"}],"collection":[{"href":"https:\/\/www.esimholidays.com\/blog\/wp-json\/wp\/v2\/pages"}],"about":[{"href":"https:\/\/www.esimholidays.com\/blog\/wp-json\/wp\/v2\/types\/page"}],"author":[{"embeddable":true,"href":"https:\/\/www.esimholidays.com\/blog\/wp-json\/wp\/v2\/users\/2"}],"replies":[{"embeddable":true,"href":"https:\/\/www.esimholidays.com\/blog\/wp-json\/wp\/v2\/comments?post=4546"}],"version-history":[{"count":11,"href":"https:\/\/www.esimholidays.com\/blog\/wp-json\/wp\/v2\/pages\/4546\/revisions"}],"predecessor-version":[{"id":5337,"href":"https:\/\/www.esimholidays.com\/blog\/wp-json\/wp\/v2\/pages\/4546\/revisions\/5337"}],"wp:featuredmedia":[{"embeddable":true,"href":"https:\/\/www.esimholidays.com\/blog\/wp-json\/wp\/v2\/media\/80"}],"wp:attachment":[{"href":"https:\/\/www.esimholidays.com\/blog\/wp-json\/wp\/v2\/media?parent=4546"}],"curies":[{"name":"wp","href":"https:\/\/api.w.org\/{rel}","templated":true}]}}